{"id":2,"date":"2024-02-01T18:47:23","date_gmt":"2024-02-01T18:47:23","guid":{"rendered":"https:\/\/smart-pi.dz\/?page_id=2"},"modified":"2024-02-25T19:31:08","modified_gmt":"2024-02-25T19:31:08","slug":"sample-page","status":"publish","type":"page","link":"https:\/\/smart-pi.dz\/","title":{"rendered":"BIENVENU"},"content":{"rendered":"\n<figure class=\"wp-block-image size-large is-resized\"><img fetchpriority=\"high\" decoding=\"async\" width=\"1024\" height=\"572\" src=\"https:\/\/smart-pi.dz\/wp-content\/uploads\/2024\/02\/image-1-1024x572.png\" alt=\"\" class=\"wp-image-31\" style=\"width:785px;height:auto\" srcset=\"https:\/\/smart-pi.dz\/wp-content\/uploads\/2024\/02\/image-1-1024x572.png 1024w, https:\/\/smart-pi.dz\/wp-content\/uploads\/2024\/02\/image-1-300x168.png 300w, https:\/\/smart-pi.dz\/wp-content\/uploads\/2024\/02\/image-1-768x429.png 768w, https:\/\/smart-pi.dz\/wp-content\/uploads\/2024\/02\/image-1.png 1337w\" sizes=\"(max-width: 1024px) 100vw, 1024px\" \/><\/figure>\n\n\n\n<h1 class=\"wp-block-heading\">QUI SOMMES NOUS<\/h1>\n\n\n\n<p><strong>SMART PRPOFESSIONAL INSERTION est une entreprise cr\u00e9e en 2022 en tant que Cabinet de Consulting Traini<\/strong><strong>ng et Audits en management QHSE . <\/strong><\/p>\n\n\n\n<p><strong>SMART PRPOFESSIONAL INSERTION est un capital d\u2019intelligence et de savoir qui s\u2019est forg\u00e9e au cours d\u2019une trentaine d&rsquo;ann\u00e9es d&rsquo;exp\u00e9rience dans le domaine et nous avons d\u00e9cid\u00e9 de le mettre au service des entreprises et sp\u00e9cialement les PME et les start Up ,<\/strong><\/p>\n\n\n\n<h2 class=\"wp-block-heading\">Politique Qualit\u00e9 de notre Organisme<\/h2>\n\n\n\n<p><strong><em><mark style=\"background-color:rgba(0, 0, 0, 0)\" class=\"has-inline-color has-black-color\">Notre politique est bas\u00e9e sur l\u2019\u00e9coute de nos clients et partenaires , le partage des connaissances et du savoir acquis durant des ann\u00e9es d\u2019exercices dans le domaine du conseil et de l\u2019assistance aux<br>entreprises dans le domaine de la formation et du management QHSE.<br>Nous d\u00e9veloppons des solutions personnalis\u00e9es pour nos clients et nous r\u00e9servons le meilleur service possible pour les satisfaire en continu.<br>Nos consultants et formateurs sont toujours mobilis\u00e9s pour fournir des prestations conformes aux attentes de nos clients dans les d\u00e9lais requis.<\/mark><\/em><\/strong><\/p>\n\n\n\n<h2 class=\"wp-block-heading\">Ce que nous offrons :<\/h2>\n\n\n\n<ul class=\"wp-block-list\">\n<li><strong>\u00c9valuation compl\u00e8te : <\/strong>notre \u00e9quipe r\u00e9alise une \u00e9valuation exhaustive de vos pratiques actuelles en mati\u00e8re de qualit\u00e9, d&rsquo;hygi\u00e8ne, de s\u00e9curit\u00e9 et d<strong>&lsquo;<\/strong>environnement, en se basant sur les normes internationales et les meilleures pratiques du secteur.<\/li>\n\n\n\n<li><strong>Rapport d\u00e9taill\u00e9<\/strong> et recommandations : \u00c0 l&rsquo;issue de l&rsquo;audit, vous recevrez un rapport complet mettant en lumi\u00e8re les r\u00e9sultats de notre \u00e9valuation. Ce document comprendra des recommandations pratiques et personnalis\u00e9es pour rem\u00e9dier aux lacunes identifi\u00e9es et renforcer vos proc\u00e9dures QHSE.<\/li>\n\n\n\n<li><strong>Plan d&rsquo;Action Strat\u00e9gique<\/strong> : En plus des recommandations, nous vous aidons \u00e0 \u00e9laborer un plan d&rsquo;action strat\u00e9gique pour mettre en \u0153uvre les am\u00e9liorations n\u00e9cessaires, assurant ainsi que votre entreprise non seulement respecte les r\u00e9glementations en vigueur mais excelle dans sa d\u00e9marche QHSE.<\/li>\n<\/ul>\n\n\n\n<h2 class=\"wp-block-heading\">Pourquoi choisir notre service <\/h2>\n\n\n\n<ul class=\"wp-block-list\">\n<li><strong>Expertise approfondie<\/strong> : notre \u00e9quipe est compos\u00e9e de professionnels exp\u00e9riment\u00e9s dans le domaine de la QHSE, poss\u00e9dant une connaissance approfondie des normes internationales.<\/li>\n\n\n\n<li><strong>Approche personnalis\u00e9e<\/strong> : nous comprenons que chaque entreprise est unique. C&rsquo;est pourquoi nous offrons des solutions sur mesure, adapt\u00e9es \u00e0 vos besoins sp\u00e9cifiques.<\/li>\n\n\n\n<li><strong>Engagement envers l&rsquo;excellence : notre<\/strong> objectif principal est de vous aider \u00e0 atteindre l&rsquo;excellence op\u00e9rationnelle, \u00e0 minimiser les risques et \u00e0 am\u00e9liorer continuellement vos performances en mati\u00e8re de QHSE.<\/li>\n<\/ul>\n\n\n\n<div class=\"wp-block-columns is-layout-flex wp-container-core-columns-is-layout-9d6595d7 wp-block-columns-is-layout-flex\">\n\n<figure class=\"is-layout-flow wp-block-column-is-layout-flow\"><img decoding=\"async\" src=\"https:\/\/smart-pi.dz\/wp-content\/uploads\/2024\/02\/CVG-1024x749.png\" alt=\"\" style=\"width:862px;height:auto\"\/><\/figure>\n\n<\/div>\n\n\n<section><!-- @TODO - The output for element here --><br \/><!-- aux-col-wrapper --><\/section>\n<p><!-- widget-container --><\/p>","protected":false},"excerpt":{"rendered":"<p>QUI SOMMES NOUS SMART PRPOFESSIONAL INSERTION est une entreprise cr\u00e9e en 2022 en tant que Cabinet de Consulting Training et Audits en management QHSE . SMART PRPOFESSIONAL INSERTION est un capital d\u2019intelligence et de savoir qui s\u2019est forg\u00e9e au cours d\u2019une trentaine d&rsquo;ann\u00e9es d&rsquo;exp\u00e9rience dans le domaine et nous avons d\u00e9cid\u00e9 de le mettre au [&hellip;]<\/p>\n","protected":false},"author":1,"featured_media":0,"parent":0,"menu_order":0,"comment_status":"closed","ping_status":"open","template":"","meta":{"_acf_changed":false,"footnotes":"[]"},"class_list":["post-2","page","type-page","status-publish","hentry"],"acf":[],"_links":{"self":[{"href":"https:\/\/smart-pi.dz\/index.php\/wp-json\/wp\/v2\/pages\/2","targetHints":{"allow":["GET"]}}],"collection":[{"href":"https:\/\/smart-pi.dz\/index.php\/wp-json\/wp\/v2\/pages"}],"about":[{"href":"https:\/\/smart-pi.dz\/index.php\/wp-json\/wp\/v2\/types\/page"}],"author":[{"embeddable":true,"href":"https:\/\/smart-pi.dz\/index.php\/wp-json\/wp\/v2\/users\/1"}],"replies":[{"embeddable":true,"href":"https:\/\/smart-pi.dz\/index.php\/wp-json\/wp\/v2\/comments?post=2"}],"version-history":[{"count":21,"href":"https:\/\/smart-pi.dz\/index.php\/wp-json\/wp\/v2\/pages\/2\/revisions"}],"predecessor-version":[{"id":106,"href":"https:\/\/smart-pi.dz\/index.php\/wp-json\/wp\/v2\/pages\/2\/revisions\/106"}],"wp:attachment":[{"href":"https:\/\/smart-pi.dz\/index.php\/wp-json\/wp\/v2\/media?parent=2"}],"curies":[{"name":"wp","href":"https:\/\/api.w.org\/{rel}","templated":true}]}}